{"id":3222,"date":"2024-11-06T14:10:11","date_gmt":"2024-11-06T11:10:11","guid":{"rendered":"https:\/\/foldyarn.com\/?post_type=product&#038;p=3222"},"modified":"2024-11-11T08:45:18","modified_gmt":"2024-11-11T05:45:18","slug":"gumus-6401","status":"publish","type":"product","link":"https:\/\/foldyarn.com\/en\/urun\/gumus-6401\/","title":{"rendered":"G\u00fcm\u00fc\u015f &#8211; 6401"},"content":{"rendered":"","protected":false},"excerpt":{"rendered":"","protected":false},"featured_media":3233,"comment_status":"closed","ping_status":"closed","template":"","meta":[],"product_brand":[],"product_cat":[88],"product_tag":[],"class_list":{"0":"post-3222","1":"product","2":"type-product","3":"status-publish","4":"has-post-thumbnail","6":"product_cat-simge","8":"first","9":"instock","10":"shipping-taxable","11":"product-type-simple"},"aioseo_notices":[],"_links":{"self":[{"href":"https:\/\/foldyarn.com\/en\/wp-json\/wp\/v2\/product\/3222","targetHints":{"allow":["GET"]}}],"collection":[{"href":"https:\/\/foldyarn.com\/en\/wp-json\/wp\/v2\/product"}],"about":[{"href":"https:\/\/foldyarn.com\/en\/wp-json\/wp\/v2\/types\/product"}],"replies":[{"embeddable":true,"href":"https:\/\/foldyarn.com\/en\/wp-json\/wp\/v2\/comments?post=3222"}],"wp:featuredmedia":[{"embeddable":true,"href":"https:\/\/foldyarn.com\/en\/wp-json\/wp\/v2\/media\/3233"}],"wp:attachment":[{"href":"https:\/\/foldyarn.com\/en\/wp-json\/wp\/v2\/media?parent=3222"}],"wp:term":[{"taxonomy":"product_brand","embeddable":true,"href":"https:\/\/foldyarn.com\/en\/wp-json\/wp\/v2\/product_brand?post=3222"},{"taxonomy":"product_cat","embeddable":true,"href":"https:\/\/foldyarn.com\/en\/wp-json\/wp\/v2\/product_cat?post=3222"},{"taxonomy":"product_tag","embeddable":true,"href":"https:\/\/foldyarn.com\/en\/wp-json\/wp\/v2\/product_tag?post=3222"}],"curies":[{"name":"wp","href":"https:\/\/api.w.org\/{rel}","templated":true}]}}